{"id":1496,"date":"2025-01-14T06:29:16","date_gmt":"2025-01-14T06:29:16","guid":{"rendered":"https:\/\/demirokmimarlik.com\/blog\/"},"modified":"2025-09-04T15:21:02","modified_gmt":"2025-09-04T15:21:02","slug":"blog","status":"publish","type":"page","link":"https:\/\/demirokmimarlik.com\/en\/blog\/","title":{"rendered":"Blog"},"content":{"rendered":"  <div id=\"page-header-659785796\" class=\"page-header-wrapper\">\n  <div class=\"page-title dark featured-title\">\n\n        <div class=\"page-title-bg\">\n      <div class=\"title-bg fill bg-fill\"\n        data-parallax-container=\".page-title\"\n        data-parallax-background\n        data-parallax=\"-\">\n      <\/div>\n      <div class=\"title-overlay fill\"><\/div>\n    <\/div>\n    \n    <div class=\"page-title-inner container align-center text-center flex-row-col medium-flex-wrap\" >\n              <div class=\"title-wrapper is-xxlarge flex-col\">\n          <h1 class=\"entry-title mb-0\">\n            Blog          <\/h1>\n        <\/div>\n                    <div class=\"title-content flex-col\">\n        <div class=\"title-breadcrumbs pb-half pt-half\"><nav class=\"woocommerce-breadcrumb breadcrumbs uppercase\">Home<\/nav><\/div>      <\/div>\n    <\/div>\n\n     \n<style>\n#page-header-659785796 .page-title-inner {\n  min-height: 350px;\n}\n#page-header-659785796 .title-bg {\n  background-image: url(https:\/\/demirokmimarlik.com\/wp-content\/uploads\/2025\/01\/7.jpg);\n  background-position: 0% 52%;\n}\n#page-header-659785796 .title-overlay {\n  background-color: rgba(0, 0, 0, 0.721);\n}\n@media (min-width:550px) {\n  #page-header-659785796 .page-title-inner {\n    min-height: 550px;\n  }\n}\n<\/style>\n  <\/div>\n    <\/div>\n  \n\n\t<section class=\"section\" id=\"section_631172145\">\n\t\t<div class=\"section-bg fill\" >\n\t\t\t\t\t\t\t\t\t\n\t\t\t\n\n\t\t<\/div>\n\n\t\t\n\n\t\t<div class=\"section-content relative\">\n\t\t\t\n<div class=\"row row-small\"  id=\"row-1527090935\">\n\n\t<div id=\"col-1248618277\" class=\"col small-12 large-12\"  >\n\t\t\t\t<div class=\"col-inner\"  >\n\t\t\t\n\t\t\t\n\n  \n    <div class=\"row large-columns-3 medium-columns-1 small-columns-1 has-shadow row-box-shadow-1\" >\n  <div class=\"col post-item\" data-animate=\"fadeInUp\">\n\t\t\t<div class=\"col-inner\">\n\t\t\t\t<div class=\"box box-normal box-text-bottom box-blog-post has-hover\">\n            \t\t\t\t\t<div class=\"box-image\" >\n  \t\t\t\t\t\t<div class=\"image-cover\" style=\"padding-top:100%;\">\n\t\t\t\t\t\t\t<a href=\"https:\/\/demirokmimarlik.com\/en\/eif-energy-fuari-2025\/\" class=\"plain\" aria-label=\"EIF ENERGY FUARI 2025\">\n\t\t\t\t\t\t\t\t<img loading=\"lazy\" decoding=\"async\" width=\"300\" height=\"168\" src=\"https:\/\/demirokmimarlik.com\/wp-content\/uploads\/2025\/10\/EIF-2025-1024x575-1-300x168.jpg\" class=\"attachment-medium size-medium wp-post-image\" alt=\"EIF ENERGY FUARI 2025\" srcset=\"https:\/\/demirokmimarlik.com\/wp-content\/uploads\/2025\/10\/EIF-2025-1024x575-1-300x168.jpg 300w, https:\/\/demirokmimarlik.com\/wp-content\/uploads\/2025\/10\/EIF-2025-1024x575-1-768x431.jpg 768w, https:\/\/demirokmimarlik.com\/wp-content\/uploads\/2025\/10\/EIF-2025-1024x575-1.jpg 1024w\" sizes=\"auto, (max-width: 300px) 100vw, 300px\" title=\"\">\t\t\t\t\t\t\t<\/a>\n  \t\t\t\t\t\t\t  \t\t\t\t\t\t\t  \t\t\t\t\t\t<\/div>\n  \t\t\t\t\t\t  \t\t\t\t\t<\/div>\n          \t\t\t\t\t<div class=\"box-text text-center\" >\n\t\t\t\t\t<div class=\"box-text-inner blog-post-inner\">\n\n\t\t\t\t\t\n\t\t\t\t\t\t\t\t\t\t<h5 class=\"post-title is-large \">\n\t\t\t\t\t\t<a href=\"https:\/\/demirokmimarlik.com\/en\/eif-energy-fuari-2025\/\" class=\"plain\">EIF ENERGY FUARI 2025<\/a>\n\t\t\t\t\t<\/h5>\n\t\t\t\t\t\t\t\t\t\t<div class=\"is-divider\"><\/div>\n\t\t\t\t\t\t\t\t\t\t<p class=\"from_the_blog_excerpt \">\n\t\t\t\t\t\tEIF ENERGY FUARI 2025 Enerji sekt\u00f6r\u00fc her ge\u00e7en g\u00fcn b\u00fcy\u00fcyor ve d\u00f6n\u00fc\u015f\u00fcyor. EIF ENERGY FUARI [...]\t\t\t\t\t<\/p>\n\t\t\t\t\t                    \n\t\t\t\t\t\n\t\t\t\t\t\n\t\t\t\t\t<\/div>\n\t\t\t\t\t<\/div>\n\t\t\t\t\t\t\t\t\t<\/div>\n\t\t\t<\/div>\n\t\t<\/div><div class=\"col post-item\" data-animate=\"fadeInUp\">\n\t\t\t<div class=\"col-inner\">\n\t\t\t\t<div class=\"box box-normal box-text-bottom box-blog-post has-hover\">\n            \t\t\t\t\t<div class=\"box-image\" >\n  \t\t\t\t\t\t<div class=\"image-cover\" style=\"padding-top:100%;\">\n\t\t\t\t\t\t\t<a href=\"https:\/\/demirokmimarlik.com\/en\/exhibition-stand-designs\/\" class=\"plain\" aria-label=\"Exhibition Stand Designs\">\n\t\t\t\t\t\t\t\t<img loading=\"lazy\" decoding=\"async\" width=\"300\" height=\"169\" src=\"https:\/\/demirokmimarlik.com\/wp-content\/uploads\/2025\/01\/Zingold-2024-2-1-300x169.png\" class=\"attachment-medium size-medium wp-post-image\" alt=\"Fair stand designs\" srcset=\"https:\/\/demirokmimarlik.com\/wp-content\/uploads\/2025\/01\/Zingold-2024-2-1-300x169.png 300w, https:\/\/demirokmimarlik.com\/wp-content\/uploads\/2025\/01\/Zingold-2024-2-1-1024x576.png 1024w, https:\/\/demirokmimarlik.com\/wp-content\/uploads\/2025\/01\/Zingold-2024-2-1-768x432.png 768w, https:\/\/demirokmimarlik.com\/wp-content\/uploads\/2025\/01\/Zingold-2024-2-1-1536x864.png 1536w, https:\/\/demirokmimarlik.com\/wp-content\/uploads\/2025\/01\/Zingold-2024-2-1-2048x1152.png 2048w, https:\/\/demirokmimarlik.com\/wp-content\/uploads\/2025\/01\/Zingold-2024-2-1-1100x619.png 1100w\" sizes=\"auto, (max-width: 300px) 100vw, 300px\" title=\"\">\t\t\t\t\t\t\t<\/a>\n  \t\t\t\t\t\t\t  \t\t\t\t\t\t\t  \t\t\t\t\t\t<\/div>\n  \t\t\t\t\t\t  \t\t\t\t\t<\/div>\n          \t\t\t\t\t<div class=\"box-text text-center\" >\n\t\t\t\t\t<div class=\"box-text-inner blog-post-inner\">\n\n\t\t\t\t\t\n\t\t\t\t\t\t\t\t\t\t<h5 class=\"post-title is-large \">\n\t\t\t\t\t\t<a href=\"https:\/\/demirokmimarlik.com\/en\/exhibition-stand-designs\/\" class=\"plain\">Exhibition Stand Designs<\/a>\n\t\t\t\t\t<\/h5>\n\t\t\t\t\t\t\t\t\t\t<div class=\"is-divider\"><\/div>\n\t\t\t\t\t\t\t\t\t\t<p class=\"from_the_blog_excerpt \">\n\t\t\t\t\t\tExhibition Stand Designs Trade fairs are an important part of the business world for hotel [...]\t\t\t\t\t<\/p>\n\t\t\t\t\t                    \n\t\t\t\t\t\n\t\t\t\t\t\n\t\t\t\t\t<\/div>\n\t\t\t\t\t<\/div>\n\t\t\t\t\t\t\t\t\t<\/div>\n\t\t\t<\/div>\n\t\t<\/div><\/div>\n\t\t<\/div>\n\t\t\t\t\t<\/div>\n\n\t\n<\/div>\n\t\t<\/div>\n\n\t\t\n<style>\n#section_631172145 {\n  padding-top: 50px;\n  padding-bottom: 50px;\n}\n<\/style>\n\t<\/section>\n\t\n","protected":false},"excerpt":{"rendered":"","protected":false},"author":1,"featured_media":0,"parent":0,"menu_order":0,"comment_status":"closed","ping_status":"closed","template":"page-blank.php","meta":{"_yoast_wpseo_title":"","_yoast_wpseo_metadesc":"","_yoast_wpseo_focuskw":"","_rank_math_title":"","_rank_math_description":"","_rank_math_focus_keyword":"","rank_math_title":"%title% %sep% Interior Architecture - Fair Stand Design","rank_math_description":"Fonksiyonel ve \u015f\u0131k fuar stand\u0131 \u00e7\u00f6z\u00fcmlerimizle ziyaret\u00e7i deneyimini art\u0131r\u0131n, markan\u0131z\u0131 \u00f6n plana \u00e7\u0131kar\u0131n.","rank_math_focus_keyword":"","_joinchat":[],"footnotes":""},"class_list":["post-1496","page","type-page","status-publish","hentry"],"_links":{"self":[{"href":"https:\/\/demirokmimarlik.com\/en\/wp-json\/wp\/v2\/pages\/1496","targetHints":{"allow":["GET"]}}],"collection":[{"href":"https:\/\/demirokmimarlik.com\/en\/wp-json\/wp\/v2\/pages"}],"about":[{"href":"https:\/\/demirokmimarlik.com\/en\/wp-json\/wp\/v2\/types\/page"}],"author":[{"embeddable":true,"href":"https:\/\/demirokmimarlik.com\/en\/wp-json\/wp\/v2\/users\/1"}],"replies":[{"embeddable":true,"href":"https:\/\/demirokmimarlik.com\/en\/wp-json\/wp\/v2\/comments?post=1496"}],"version-history":[{"count":1,"href":"https:\/\/demirokmimarlik.com\/en\/wp-json\/wp\/v2\/pages\/1496\/revisions"}],"predecessor-version":[{"id":1915,"href":"https:\/\/demirokmimarlik.com\/en\/wp-json\/wp\/v2\/pages\/1496\/revisions\/1915"}],"wp:attachment":[{"href":"https:\/\/demirokmimarlik.com\/en\/wp-json\/wp\/v2\/media?parent=1496"}],"curies":[{"name":"wp","href":"https:\/\/api.w.org\/{rel}","templated":true}]}}