{"id":1507,"date":"2025-01-20T12:50:26","date_gmt":"2025-01-20T12:50:26","guid":{"rendered":"https:\/\/demirokmimarlik.com\/video-gallery\/"},"modified":"2025-11-06T13:46:14","modified_gmt":"2025-11-06T13:46:14","slug":"video-gallery","status":"publish","type":"page","link":"https:\/\/demirokmimarlik.com\/en\/video-gallery\/","title":{"rendered":"Video Gallery"},"content":{"rendered":"  <div id=\"page-header-1365034011\" class=\"page-header-wrapper\">\n  <div class=\"page-title dark featured-title\">\n\n        <div class=\"page-title-bg\">\n      <div class=\"title-bg fill bg-fill\"\n        data-parallax-container=\".page-title\"\n        data-parallax-background\n        data-parallax=\"-\">\n      <\/div>\n      <div class=\"title-overlay fill\"><\/div>\n    <\/div>\n    \n    <div class=\"page-title-inner container align-center text-center flex-row-col medium-flex-wrap\" >\n              <div class=\"title-wrapper is-xxlarge flex-col\">\n          <h1 class=\"entry-title mb-0\">\n            Video Gallery          <\/h1>\n        <\/div>\n                    <div class=\"title-content flex-col\">\n        <div class=\"title-breadcrumbs pb-half pt-half\"><nav class=\"woocommerce-breadcrumb breadcrumbs uppercase\">Home<\/nav><\/div>      <\/div>\n    <\/div>\n\n     \n<style>\n#page-header-1365034011 .page-title-inner {\n  min-height: 550px;\n}\n#page-header-1365034011 .title-bg {\n  background-image: url(https:\/\/demirokmimarlik.com\/wp-content\/uploads\/2025\/01\/7.jpg);\n}\n#page-header-1365034011 .title-overlay {\n  background-color: rgba(0, 0, 0, 0.721);\n}\n<\/style>\n  <\/div>\n    <\/div>\n  \n\n\t<section class=\"section\" id=\"section_1430063987\">\n\t\t<div class=\"section-bg fill\" >\n\t\t\t\t\t\t\t\t\t\n\t\t\t\n\n\t\t<\/div>\n\n\t\t\n\n\t\t<div class=\"section-content relative\">\n\t\t\t\n<div class=\"row row-small\"  id=\"row-1546122779\">\n\n\t<div id=\"col-1805526831\" class=\"col medium-4 small-12 large-4\"  >\n\t\t\t\t<div class=\"col-inner\"  >\n\t\t\t\n\t\t\t\n<div class=\"video video-fit mb\" style=\"padding-top:80%;\"><div style=\"width: 640px;\" class=\"wp-video\"><video class=\"wp-video-shortcode\" id=\"video-1507-1\" width=\"640\" height=\"360\" preload=\"metadata\" controls=\"controls\"><source type=\"video\/mp4\" src=\"https:\/\/demirokmimarlik.com\/wp-content\/uploads\/2025\/01\/2.mp4?_=1\" \/><a href=\"https:\/\/demirokmimarlik.com\/wp-content\/uploads\/2025\/01\/2.mp4\">https:\/\/demirokmimarlik.com\/wp-content\/uploads\/2025\/01\/2.mp4<\/a><\/video><\/div>\n<\/div>\n\t\t<\/div>\n\t\t\t\t\t<\/div>\n\n\t\n\n\t<div id=\"col-385704672\" class=\"col medium-4 small-12 large-4\"  >\n\t\t\t\t<div class=\"col-inner\"  >\n\t\t\t\n\t\t\t\n<div class=\"video video-fit mb\" style=\"padding-top:80%;\"><div style=\"width: 640px;\" class=\"wp-video\"><video class=\"wp-video-shortcode\" id=\"video-1507-2\" width=\"640\" height=\"360\" preload=\"metadata\" controls=\"controls\"><source type=\"video\/mp4\" src=\"https:\/\/demirokmimarlik.com\/wp-content\/uploads\/2025\/01\/3.mp4?_=2\" \/><a href=\"https:\/\/demirokmimarlik.com\/wp-content\/uploads\/2025\/01\/3.mp4\">https:\/\/demirokmimarlik.com\/wp-content\/uploads\/2025\/01\/3.mp4<\/a><\/video><\/div>\n<\/div>\n\t\t<\/div>\n\t\t\t\t\t<\/div>\n\n\t\n\n\t<div id=\"col-743577396\" class=\"col medium-4 small-12 large-4\"  >\n\t\t\t\t<div class=\"col-inner\"  >\n\t\t\t\n\t\t\t\n<div class=\"video video-fit mb\" style=\"padding-top:80%;\"><div style=\"width: 640px;\" class=\"wp-video\"><video class=\"wp-video-shortcode\" id=\"video-1507-3\" width=\"640\" height=\"360\" preload=\"metadata\" controls=\"controls\"><source type=\"video\/mp4\" src=\"https:\/\/demirokmimarlik.com\/wp-content\/uploads\/2025\/01\/4.mp4?_=3\" \/><a href=\"https:\/\/demirokmimarlik.com\/wp-content\/uploads\/2025\/01\/4.mp4\">https:\/\/demirokmimarlik.com\/wp-content\/uploads\/2025\/01\/4.mp4<\/a><\/video><\/div>\n<\/div>\n\t\t<\/div>\n\t\t\t\t\t<\/div>\n\n\t\n<\/div>\n\t\t<\/div>\n\n\t\t\n<style>\n#section_1430063987 {\n  padding-top: 30px;\n  padding-bottom: 30px;\n}\n<\/style>\n\t<\/section>\n\t\n","protected":false},"excerpt":{"rendered":"","protected":false},"author":1,"featured_media":0,"parent":0,"menu_order":0,"comment_status":"closed","ping_status":"closed","template":"page-blank.php","meta":{"_yoast_wpseo_title":"","_yoast_wpseo_metadesc":"","_yoast_wpseo_focuskw":"","_rank_math_title":"","_rank_math_description":"","_rank_math_focus_keyword":"","rank_math_title":"","rank_math_description":"Profesyonel fuar stand\u0131 \u00e7\u00f6z\u00fcmleri ile markan\u0131z\u0131 \u00f6ne \u00e7\u0131kar\u0131n. \u00d6zel tasar\u0131m ve kaliteli malzemelerle etkileyici standlar olu\u015fturuyoruz.","rank_math_focus_keyword":"","_joinchat":[],"footnotes":""},"class_list":["post-1507","page","type-page","status-publish","hentry"],"_links":{"self":[{"href":"https:\/\/demirokmimarlik.com\/en\/wp-json\/wp\/v2\/pages\/1507","targetHints":{"allow":["GET"]}}],"collection":[{"href":"https:\/\/demirokmimarlik.com\/en\/wp-json\/wp\/v2\/pages"}],"about":[{"href":"https:\/\/demirokmimarlik.com\/en\/wp-json\/wp\/v2\/types\/page"}],"author":[{"embeddable":true,"href":"https:\/\/demirokmimarlik.com\/en\/wp-json\/wp\/v2\/users\/1"}],"replies":[{"embeddable":true,"href":"https:\/\/demirokmimarlik.com\/en\/wp-json\/wp\/v2\/comments?post=1507"}],"version-history":[{"count":2,"href":"https:\/\/demirokmimarlik.com\/en\/wp-json\/wp\/v2\/pages\/1507\/revisions"}],"predecessor-version":[{"id":1971,"href":"https:\/\/demirokmimarlik.com\/en\/wp-json\/wp\/v2\/pages\/1507\/revisions\/1971"}],"wp:attachment":[{"href":"https:\/\/demirokmimarlik.com\/en\/wp-json\/wp\/v2\/media?parent=1507"}],"curies":[{"name":"wp","href":"https:\/\/api.w.org\/{rel}","templated":true}]}}