{"id":1583,"date":"2025-01-17T08:29:17","date_gmt":"2025-01-17T08:29:17","guid":{"rendered":"https:\/\/demirokmimarlik.com\/urun\/increase-collection\/"},"modified":"2025-02-03T14:40:56","modified_gmt":"2025-02-03T14:40:56","slug":"increase-collection","status":"publish","type":"product","link":"https:\/\/demirokmimarlik.com\/en\/urun\/increase-collection\/","title":{"rendered":"Increase Collection"},"content":{"rendered":"","protected":false},"excerpt":{"rendered":"","protected":false},"featured_media":1363,"template":"","meta":{"_yoast_wpseo_title":"","_yoast_wpseo_metadesc":"","_yoast_wpseo_focuskw":"","_rank_math_title":"","_rank_math_description":"","_rank_math_focus_keyword":"","rank_math_title":"Increase Collection - Demirok \u0130\u00e7 Mimarlik - Fuar Stand\u0131","rank_math_description":"","rank_math_focus_keyword":"","_joinchat":[]},"product_brand":[],"product_cat":[31],"product_tag":[],"class_list":{"0":"post-1583","1":"product","2":"type-product","3":"status-publish","4":"has-post-thumbnail","6":"product_cat-wooden-stand","8":"first","9":"instock","10":"shipping-taxable","11":"product-type-simple"},"_links":{"self":[{"href":"https:\/\/demirokmimarlik.com\/en\/wp-json\/wp\/v2\/product\/1583","targetHints":{"allow":["GET"]}}],"collection":[{"href":"https:\/\/demirokmimarlik.com\/en\/wp-json\/wp\/v2\/product"}],"about":[{"href":"https:\/\/demirokmimarlik.com\/en\/wp-json\/wp\/v2\/types\/product"}],"wp:featuredmedia":[{"embeddable":true,"href":"https:\/\/demirokmimarlik.com\/en\/wp-json\/wp\/v2\/media\/1363"}],"wp:attachment":[{"href":"https:\/\/demirokmimarlik.com\/en\/wp-json\/wp\/v2\/media?parent=1583"}],"wp:term":[{"taxonomy":"product_brand","embeddable":true,"href":"https:\/\/demirokmimarlik.com\/en\/wp-json\/wp\/v2\/product_brand?post=1583"},{"taxonomy":"product_cat","embeddable":true,"href":"https:\/\/demirokmimarlik.com\/en\/wp-json\/wp\/v2\/product_cat?post=1583"},{"taxonomy":"product_tag","embeddable":true,"href":"https:\/\/demirokmimarlik.com\/en\/wp-json\/wp\/v2\/product_tag?post=1583"}],"curies":[{"name":"wp","href":"https:\/\/api.w.org\/{rel}","templated":true}]}}