{"id":1585,"date":"2025-01-20T10:10:17","date_gmt":"2025-01-20T10:10:17","guid":{"rendered":"https:\/\/demirokmimarlik.com\/urun\/mese-jewellry\/"},"modified":"2025-06-12T13:21:41","modified_gmt":"2025-06-12T13:21:41","slug":"mese-jewellry","status":"publish","type":"product","link":"https:\/\/demirokmimarlik.com\/en\/urun\/mese-jewellry\/","title":{"rendered":"Me\u015fe Jewellry"},"content":{"rendered":"","protected":false},"excerpt":{"rendered":"","protected":false},"featured_media":1459,"template":"","meta":{"_yoast_wpseo_title":"","_yoast_wpseo_metadesc":"","_yoast_wpseo_focuskw":"","_rank_math_title":"","_rank_math_description":"","_rank_math_focus_keyword":"","rank_math_title":"%title% %sep% Demirok Mimarl\u0131k Fair Stand","rank_math_description":"Etkili bir fuar stand\u0131,  ziyaret\u00e7ilerin markayla anlaml\u0131 bir ba\u011f kurmas\u0131n\u0131 sa\u011flayacak \u015fekilde kurgulanmal\u0131d\u0131r.","rank_math_focus_keyword":"","_joinchat":[]},"product_brand":[],"product_cat":[33],"product_tag":[],"class_list":{"0":"post-1585","1":"product","2":"type-product","3":"status-publish","4":"has-post-thumbnail","6":"product_cat-maxima-stand-en","8":"first","9":"instock","10":"shipping-taxable","11":"product-type-simple"},"_links":{"self":[{"href":"https:\/\/demirokmimarlik.com\/en\/wp-json\/wp\/v2\/product\/1585","targetHints":{"allow":["GET"]}}],"collection":[{"href":"https:\/\/demirokmimarlik.com\/en\/wp-json\/wp\/v2\/product"}],"about":[{"href":"https:\/\/demirokmimarlik.com\/en\/wp-json\/wp\/v2\/types\/product"}],"wp:featuredmedia":[{"embeddable":true,"href":"https:\/\/demirokmimarlik.com\/en\/wp-json\/wp\/v2\/media\/1459"}],"wp:attachment":[{"href":"https:\/\/demirokmimarlik.com\/en\/wp-json\/wp\/v2\/media?parent=1585"}],"wp:term":[{"taxonomy":"product_brand","embeddable":true,"href":"https:\/\/demirokmimarlik.com\/en\/wp-json\/wp\/v2\/product_brand?post=1585"},{"taxonomy":"product_cat","embeddable":true,"href":"https:\/\/demirokmimarlik.com\/en\/wp-json\/wp\/v2\/product_cat?post=1585"},{"taxonomy":"product_tag","embeddable":true,"href":"https:\/\/demirokmimarlik.com\/en\/wp-json\/wp\/v2\/product_tag?post=1585"}],"curies":[{"name":"wp","href":"https:\/\/api.w.org\/{rel}","templated":true}]}}