{"id":1588,"date":"2025-01-20T08:35:06","date_gmt":"2025-01-20T08:35:06","guid":{"rendered":"https:\/\/demirokmimarlik.com\/urun\/zingold-magaza-kuyumcukent\/"},"modified":"2025-09-04T15:21:27","modified_gmt":"2025-09-04T15:21:27","slug":"zingold-magaza-kuyumcukent","status":"publish","type":"product","link":"https:\/\/demirokmimarlik.com\/en\/urun\/zingold-magaza-kuyumcukent\/","title":{"rendered":"Zingold Ma\u011faza &#8211; Kuyumcukent"},"content":{"rendered":"","protected":false},"excerpt":{"rendered":"","protected":false},"featured_media":1449,"template":"","meta":{"_yoast_wpseo_title":"","_yoast_wpseo_metadesc":"","_yoast_wpseo_focuskw":"","_rank_math_title":"","_rank_math_description":"","_rank_math_focus_keyword":"","rank_math_title":"Zingold Ma\u011faza - Kuyumcukent - Demirok  Fair Stand","rank_math_description":"Profesyonel fuar stand\u0131 tasar\u0131m ve kiralama hizmetlerimizle etkinliklerde ak\u0131lda kal\u0131c\u0131 izlenim b\u0131rak\u0131n.","rank_math_focus_keyword":"","_joinchat":[]},"product_brand":[],"product_cat":[32],"product_tag":[],"class_list":{"0":"post-1588","1":"product","2":"type-product","3":"status-publish","4":"has-post-thumbnail","6":"product_cat-interior-architecture","8":"first","9":"instock","10":"shipping-taxable","11":"product-type-simple"},"_links":{"self":[{"href":"https:\/\/demirokmimarlik.com\/en\/wp-json\/wp\/v2\/product\/1588","targetHints":{"allow":["GET"]}}],"collection":[{"href":"https:\/\/demirokmimarlik.com\/en\/wp-json\/wp\/v2\/product"}],"about":[{"href":"https:\/\/demirokmimarlik.com\/en\/wp-json\/wp\/v2\/types\/product"}],"wp:featuredmedia":[{"embeddable":true,"href":"https:\/\/demirokmimarlik.com\/en\/wp-json\/wp\/v2\/media\/1449"}],"wp:attachment":[{"href":"https:\/\/demirokmimarlik.com\/en\/wp-json\/wp\/v2\/media?parent=1588"}],"wp:term":[{"taxonomy":"product_brand","embeddable":true,"href":"https:\/\/demirokmimarlik.com\/en\/wp-json\/wp\/v2\/product_brand?post=1588"},{"taxonomy":"product_cat","embeddable":true,"href":"https:\/\/demirokmimarlik.com\/en\/wp-json\/wp\/v2\/product_cat?post=1588"},{"taxonomy":"product_tag","embeddable":true,"href":"https:\/\/demirokmimarlik.com\/en\/wp-json\/wp\/v2\/product_tag?post=1588"}],"curies":[{"name":"wp","href":"https:\/\/api.w.org\/{rel}","templated":true}]}}