{"id":1591,"date":"2025-01-20T07:35:40","date_gmt":"2025-01-20T07:35:40","guid":{"rendered":"https:\/\/demirokmimarlik.com\/urun\/farmamed\/"},"modified":"2025-07-07T15:07:40","modified_gmt":"2025-07-07T15:07:40","slug":"farmamed","status":"publish","type":"product","link":"https:\/\/demirokmimarlik.com\/en\/urun\/farmamed\/","title":{"rendered":"Farmamed"},"content":{"rendered":"","protected":false},"excerpt":{"rendered":"","protected":false},"featured_media":1432,"template":"","meta":{"_yoast_wpseo_title":"","_yoast_wpseo_metadesc":"","_yoast_wpseo_focuskw":"","_rank_math_title":"","_rank_math_description":"","_rank_math_focus_keyword":"","rank_math_title":"%title% %sep% Demirok Fair Stand Design","rank_math_description":"Stand\u0131n g\u00f6rsel tasar\u0131m\u0131, kullan\u0131lan malzemeler ve genel atmosferi, ziyaret\u00e7ilere markan\u0131n de\u011ferlerini ve misyonunu net bir \u015fekilde yans\u0131tmal\u0131d\u0131r. ","rank_math_focus_keyword":"","_joinchat":[]},"product_brand":[],"product_cat":[35],"product_tag":[],"class_list":{"0":"post-1591","1":"product","2":"type-product","3":"status-publish","4":"has-post-thumbnail","6":"product_cat-general","8":"first","9":"instock","10":"shipping-taxable","11":"product-type-simple"},"_links":{"self":[{"href":"https:\/\/demirokmimarlik.com\/en\/wp-json\/wp\/v2\/product\/1591","targetHints":{"allow":["GET"]}}],"collection":[{"href":"https:\/\/demirokmimarlik.com\/en\/wp-json\/wp\/v2\/product"}],"about":[{"href":"https:\/\/demirokmimarlik.com\/en\/wp-json\/wp\/v2\/types\/product"}],"wp:featuredmedia":[{"embeddable":true,"href":"https:\/\/demirokmimarlik.com\/en\/wp-json\/wp\/v2\/media\/1432"}],"wp:attachment":[{"href":"https:\/\/demirokmimarlik.com\/en\/wp-json\/wp\/v2\/media?parent=1591"}],"wp:term":[{"taxonomy":"product_brand","embeddable":true,"href":"https:\/\/demirokmimarlik.com\/en\/wp-json\/wp\/v2\/product_brand?post=1591"},{"taxonomy":"product_cat","embeddable":true,"href":"https:\/\/demirokmimarlik.com\/en\/wp-json\/wp\/v2\/product_cat?post=1591"},{"taxonomy":"product_tag","embeddable":true,"href":"https:\/\/demirokmimarlik.com\/en\/wp-json\/wp\/v2\/product_tag?post=1591"}],"curies":[{"name":"wp","href":"https:\/\/api.w.org\/{rel}","templated":true}]}}