{"id":1592,"date":"2025-01-20T07:26:47","date_gmt":"2025-01-20T07:26:47","guid":{"rendered":"https:\/\/demirokmimarlik.com\/urun\/bihter-gold\/"},"modified":"2025-09-04T15:21:59","modified_gmt":"2025-09-04T15:21:59","slug":"bihter-gold","status":"publish","type":"product","link":"https:\/\/demirokmimarlik.com\/en\/urun\/bihter-gold\/","title":{"rendered":"Bihter Gold"},"content":{"rendered":"","protected":false},"excerpt":{"rendered":"","protected":false},"featured_media":1425,"template":"","meta":{"_yoast_wpseo_title":"","_yoast_wpseo_metadesc":"","_yoast_wpseo_focuskw":"","_rank_math_title":"","_rank_math_description":"","_rank_math_focus_keyword":"","rank_math_title":"%title% %sep% Demirok Fair Stand","rank_math_description":"Fuar stand\u0131 tasar\u0131m\u0131nda yarat\u0131c\u0131l\u0131k ve kaliteyi birle\u015ftiriyor, markan\u0131z\u0131 etkili \u015fekilde tan\u0131t\u0131yoruz.","rank_math_focus_keyword":"","_joinchat":[]},"product_brand":[],"product_cat":[32],"product_tag":[],"class_list":{"0":"post-1592","1":"product","2":"type-product","3":"status-publish","4":"has-post-thumbnail","6":"product_cat-interior-architecture","8":"first","9":"instock","10":"shipping-taxable","11":"product-type-simple"},"_links":{"self":[{"href":"https:\/\/demirokmimarlik.com\/en\/wp-json\/wp\/v2\/product\/1592","targetHints":{"allow":["GET"]}}],"collection":[{"href":"https:\/\/demirokmimarlik.com\/en\/wp-json\/wp\/v2\/product"}],"about":[{"href":"https:\/\/demirokmimarlik.com\/en\/wp-json\/wp\/v2\/types\/product"}],"wp:featuredmedia":[{"embeddable":true,"href":"https:\/\/demirokmimarlik.com\/en\/wp-json\/wp\/v2\/media\/1425"}],"wp:attachment":[{"href":"https:\/\/demirokmimarlik.com\/en\/wp-json\/wp\/v2\/media?parent=1592"}],"wp:term":[{"taxonomy":"product_brand","embeddable":true,"href":"https:\/\/demirokmimarlik.com\/en\/wp-json\/wp\/v2\/product_brand?post=1592"},{"taxonomy":"product_cat","embeddable":true,"href":"https:\/\/demirokmimarlik.com\/en\/wp-json\/wp\/v2\/product_cat?post=1592"},{"taxonomy":"product_tag","embeddable":true,"href":"https:\/\/demirokmimarlik.com\/en\/wp-json\/wp\/v2\/product_tag?post=1592"}],"curies":[{"name":"wp","href":"https:\/\/api.w.org\/{rel}","templated":true}]}}