{"id":1611,"date":"2024-12-10T10:37:42","date_gmt":"2024-12-10T10:37:42","guid":{"rendered":"https:\/\/demirokmimarlik.com\/urun\/increase-collection-2\/"},"modified":"2025-07-07T15:06:17","modified_gmt":"2025-07-07T15:06:17","slug":"artis-collection-2","status":"publish","type":"product","link":"https:\/\/demirokmimarlik.com\/en\/urun\/artis-collection-2\/","title":{"rendered":"Art\u0131\u015f Collection"},"content":{"rendered":"","protected":false},"excerpt":{"rendered":"","protected":false},"featured_media":1321,"template":"","meta":{"_yoast_wpseo_title":"","_yoast_wpseo_metadesc":"","_yoast_wpseo_focuskw":"","_rank_math_title":"","_rank_math_description":"","_rank_math_focus_keyword":"","rank_math_title":"Art\u0131\u015f Collection - Demirok \u0130\u00e7 Mimarlik - Fair Stand","rank_math_description":"fuar stand\u0131n\u0131n tasar\u0131m\u0131 ve i\u015flevselli\u011fi, markan\u0131n hedeflerine ula\u015fmas\u0131nda belirleyici bir rol oynar.","rank_math_focus_keyword":"","_joinchat":[]},"product_brand":[],"product_cat":[31],"product_tag":[],"class_list":{"0":"post-1611","1":"product","2":"type-product","3":"status-publish","4":"has-post-thumbnail","6":"product_cat-wooden-stand","8":"first","9":"instock","10":"shipping-taxable","11":"product-type-simple"},"_links":{"self":[{"href":"https:\/\/demirokmimarlik.com\/en\/wp-json\/wp\/v2\/product\/1611","targetHints":{"allow":["GET"]}}],"collection":[{"href":"https:\/\/demirokmimarlik.com\/en\/wp-json\/wp\/v2\/product"}],"about":[{"href":"https:\/\/demirokmimarlik.com\/en\/wp-json\/wp\/v2\/types\/product"}],"wp:featuredmedia":[{"embeddable":true,"href":"https:\/\/demirokmimarlik.com\/en\/wp-json\/wp\/v2\/media\/1321"}],"wp:attachment":[{"href":"https:\/\/demirokmimarlik.com\/en\/wp-json\/wp\/v2\/media?parent=1611"}],"wp:term":[{"taxonomy":"product_brand","embeddable":true,"href":"https:\/\/demirokmimarlik.com\/en\/wp-json\/wp\/v2\/product_brand?post=1611"},{"taxonomy":"product_cat","embeddable":true,"href":"https:\/\/demirokmimarlik.com\/en\/wp-json\/wp\/v2\/product_cat?post=1611"},{"taxonomy":"product_tag","embeddable":true,"href":"https:\/\/demirokmimarlik.com\/en\/wp-json\/wp\/v2\/product_tag?post=1611"}],"curies":[{"name":"wp","href":"https:\/\/api.w.org\/{rel}","templated":true}]}}